{"id":9,"date":"2017-05-04T08:19:35","date_gmt":"2017-05-04T06:19:35","guid":{"rendered":"http:\/\/schoggovino.ch\/?page_id=9"},"modified":"2020-12-17T15:07:24","modified_gmt":"2020-12-17T14:07:24","slug":"startseite","status":"publish","type":"page","link":"https:\/\/schoggovino.ch\/","title":{"rendered":"Startseite"},"content":{"rendered":"\n<p>Da ich meine Leidenschaft beim Backen entdeckt habe, m\u00f6chte ich euch diese&nbsp;n\u00e4her bringen. Wie auch Tipps, Anregungen &amp; Restaurantvorschl\u00e4ge.<\/p>\n\n\n\n<!--more-->\n","protected":false},"excerpt":{"rendered":"<p>Da ich meine Leidenschaft beim Backen entdeckt habe, m\u00f6chte ich euch diese&nbsp;n\u00e4her bringen. Wie auch Tipps, Anregungen &amp; Restaurantvorschl\u00e4ge.<\/p>\n","protected":false},"author":1,"featured_media":0,"parent":0,"menu_order":0,"comment_status":"closed","ping_status":"closed","template":"","meta":{"footnotes":""},"class_list":["post-9","page","type-page","status-publish","hentry"],"_links":{"self":[{"href":"https:\/\/schoggovino.ch\/index.php?rest_route=\/wp\/v2\/pages\/9","targetHints":{"allow":["GET"]}}],"collection":[{"href":"https:\/\/schoggovino.ch\/index.php?rest_route=\/wp\/v2\/pages"}],"about":[{"href":"https:\/\/schoggovino.ch\/index.php?rest_route=\/wp\/v2\/types\/page"}],"author":[{"embeddable":true,"href":"https:\/\/schoggovino.ch\/index.php?rest_route=\/wp\/v2\/users\/1"}],"replies":[{"embeddable":true,"href":"https:\/\/schoggovino.ch\/index.php?rest_route=%2Fwp%2Fv2%2Fcomments&post=9"}],"version-history":[{"count":9,"href":"https:\/\/schoggovino.ch\/index.php?rest_route=\/wp\/v2\/pages\/9\/revisions"}],"predecessor-version":[{"id":2319,"href":"https:\/\/schoggovino.ch\/index.php?rest_route=\/wp\/v2\/pages\/9\/revisions\/2319"}],"wp:attachment":[{"href":"https:\/\/schoggovino.ch\/index.php?rest_route=%2Fwp%2Fv2%2Fmedia&parent=9"}],"curies":[{"name":"wp","href":"https:\/\/api.w.org\/{rel}","templated":true}]}}